{"id":9901,"date":"2025-04-04T09:24:45","date_gmt":"2025-04-04T09:24:45","guid":{"rendered":"https:\/\/hochzeit-irvalda.at\/?post_type=product&#038;p=9901"},"modified":"2025-06-10T10:30:59","modified_gmt":"2025-06-10T10:30:59","slug":"fiona-2","status":"publish","type":"product","link":"https:\/\/hochzeit-irvalda.at\/en\/produkt\/fiona-2\/","title":{"rendered":"Fiona"},"content":{"rendered":"<p>Das Abendkleid Fiona begeistert mit seinem flie\u00dfenden, bodenlangen Chiffonrock und einem eleganten Oberteil aus zarter Spitze. Die feine Verarbeitung und das zeitlose Design machen es zur perfekten Wahl f\u00fcr festliche Anl\u00e4sse, B\u00e4lle oder Hochzeiten. Dieses elegante blaue Abendkleid verleiht jeder Frau einen atemberaubenden Auftritt.<\/p>\n<p><span style=\"font-weight: 400;\">Sie k\u00f6nnen das Kleid direkt <\/span><a href=\"https:\/\/irvalda.com\/shop\/abendkleider-fiona-navy-blue\/\"><b>online kaufen<\/b><\/a><span style=\"font-weight: 400;\"> oder einen <\/span><a href=\"https:\/\/calendly.com\/irvalda\/\"><b>Termin zur Anprobe<\/b><\/a><span style=\"font-weight: 400;\"> in unserem Wiener Atelier Irvalda (Viriotgasse 6, 1090 Wien) vereinbaren &#8211; oder uns ganz unkompliziert \u00fcber <\/span><a href=\"https:\/\/wa.me\/436505556646\"><b>WhatsApp schreiben<\/b><\/a><span style=\"font-weight: 400;\">, wenn Sie Fragen haben oder eine pers\u00f6nliche Beratung w\u00fcnschen.<\/span><\/p>\n<p><br style=\"font-weight: 400;\" \/><br style=\"font-weight: 400;\" \/><\/p>\n","protected":false},"excerpt":{"rendered":"<p>Das Abendkleid Fiona begeistert mit seinem flie\u00dfenden, bodenlangen Chiffonrock und einem eleganten Oberteil aus zarter Spitze. Die feine Verarbeitung und das zeitlose Design machen es zur perfekten Wahl f\u00fcr festliche Anl\u00e4sse, B\u00e4lle oder Hochzeiten. Dieses elegante blaue Abendkleid verleiht jeder Frau einen atemberaubenden Auftritt. Sie k\u00f6nnen das Kleid direkt online kaufen oder einen Termin zur [&hellip;]<\/p>\n","protected":false},"featured_media":9951,"comment_status":"open","ping_status":"closed","template":"","meta":[],"product_brand":[],"product_cat":[37,179,63,72,73,74,93,43,48,50,52,54,150,181],"product_tag":[],"class_list":{"0":"post-9901","1":"product","2":"type-product","3":"status-publish","4":"has-post-thumbnail","6":"product_cat-a-linie","7":"product_cat-abendkleider_lagernd","8":"product_cat-bestickte-spitze","9":"product_cat-blau","10":"product_cat-carmen-ausschnitt","11":"product_cat-carmen-traeger","12":"product_cat-chiffon-crepe","13":"product_cat-geschlossener-ruecken","14":"product_cat-offenes-kleid","15":"product_cat-ohne-aermel","16":"product_cat-ohne-schleppe","17":"product_cat-ohne-schlitz","18":"product_cat-spitzer","19":"product_cat-vie-lager","21":"first","22":"instock","23":"shipping-taxable","24":"product-type-simple"},"_links":{"self":[{"href":"https:\/\/hochzeit-irvalda.at\/en\/wp-json\/wp\/v2\/product\/9901","targetHints":{"allow":["GET"]}}],"collection":[{"href":"https:\/\/hochzeit-irvalda.at\/en\/wp-json\/wp\/v2\/product"}],"about":[{"href":"https:\/\/hochzeit-irvalda.at\/en\/wp-json\/wp\/v2\/types\/product"}],"replies":[{"embeddable":true,"href":"https:\/\/hochzeit-irvalda.at\/en\/wp-json\/wp\/v2\/comments?post=9901"}],"wp:featuredmedia":[{"embeddable":true,"href":"https:\/\/hochzeit-irvalda.at\/en\/wp-json\/wp\/v2\/media\/9951"}],"wp:attachment":[{"href":"https:\/\/hochzeit-irvalda.at\/en\/wp-json\/wp\/v2\/media?parent=9901"}],"wp:term":[{"taxonomy":"product_brand","embeddable":true,"href":"https:\/\/hochzeit-irvalda.at\/en\/wp-json\/wp\/v2\/product_brand?post=9901"},{"taxonomy":"product_cat","embeddable":true,"href":"https:\/\/hochzeit-irvalda.at\/en\/wp-json\/wp\/v2\/product_cat?post=9901"},{"taxonomy":"product_tag","embeddable":true,"href":"https:\/\/hochzeit-irvalda.at\/en\/wp-json\/wp\/v2\/product_tag?post=9901"}],"curies":[{"name":"wp","href":"https:\/\/api.w.org\/{rel}","templated":true}]}}