{"id":9888,"date":"2025-04-04T09:07:35","date_gmt":"2025-04-04T09:07:35","guid":{"rendered":"https:\/\/hochzeit-irvalda.at\/?post_type=product&#038;p=9888"},"modified":"2025-06-10T10:31:56","modified_gmt":"2025-06-10T10:31:56","slug":"amadeo","status":"publish","type":"product","link":"https:\/\/hochzeit-irvalda.at\/en\/produkt\/amadeo\/","title":{"rendered":"Amadeo"},"content":{"rendered":"<p>Das Amadeo Abendkleid kombiniert einen flie\u00dfenden, bodenlangen Chiffonrock mit einem verzierten Oberteil aus feinen Stickereien und Pailletten. Die tief ausgeschnittene, schmeichelhafte Silhouette verleiht diesem t\u00fcrkisfarbenen Kleid zeitlose Eleganz und sorgt f\u00fcr einen unvergesslichen Auftritt bei festlichen Anl\u00e4ssen, B\u00e4llen oder Hochzeiten.<\/p>\n<p><span style=\"font-weight: 400;\">Sie k\u00f6nnen das Kleid direkt <\/span><a href=\"https:\/\/irvalda.com\/shop\/abendkleider-amadeo\/\"><b>online kaufen<\/b><\/a><span style=\"font-weight: 400;\"> oder einen <\/span><a href=\"https:\/\/calendly.com\/irvalda\/\"><b>Termin zur Anprobe<\/b><\/a><span style=\"font-weight: 400;\"> in unserem Wiener Atelier Irvalda (Viriotgasse 6, 1090 Wien) vereinbaren &#8211; oder uns ganz unkompliziert \u00fcber <\/span><a href=\"https:\/\/wa.me\/436505556646\"><b>WhatsApp schreiben<\/b><\/a><span style=\"font-weight: 400;\">, wenn Sie Fragen haben oder eine pers\u00f6nliche Beratung w\u00fcnschen.<\/span><\/p>\n<p><br style=\"font-weight: 400;\" \/><br style=\"font-weight: 400;\" \/><\/p>\n","protected":false},"excerpt":{"rendered":"<p>Das Amadeo Abendkleid kombiniert einen flie\u00dfenden, bodenlangen Chiffonrock mit einem verzierten Oberteil aus feinen Stickereien und Pailletten. Die tief ausgeschnittene, schmeichelhafte Silhouette verleiht diesem t\u00fcrkisfarbenen Kleid zeitlose Eleganz und sorgt f\u00fcr einen unvergesslichen Auftritt bei festlichen Anl\u00e4ssen, B\u00e4llen oder Hochzeiten. Sie k\u00f6nnen das Kleid direkt online kaufen oder einen Termin zur Anprobe in unserem Wiener [&hellip;]<\/p>\n","protected":false},"featured_media":9965,"comment_status":"open","ping_status":"closed","template":"","meta":[],"product_brand":[],"product_cat":[37,179,63,93,83,79,64,135,48,50,52,54,150,71,181],"product_tag":[],"class_list":{"0":"post-9888","1":"product","2":"type-product","3":"status-publish","4":"has-post-thumbnail","6":"product_cat-a-linie","7":"product_cat-abendkleider_lagernd","8":"product_cat-bestickte-spitze","9":"product_cat-chiffon-crepe","10":"product_cat-duenne-traeger","11":"product_cat-einfache-spitze","12":"product_cat-gruen","13":"product_cat-offener-ruecken","14":"product_cat-offenes-kleid","15":"product_cat-ohne-aermel","16":"product_cat-ohne-schleppe","17":"product_cat-ohne-schlitz","18":"product_cat-spitzer","19":"product_cat-v-ausschnitt","20":"product_cat-vie-lager","22":"first","23":"instock","24":"shipping-taxable","25":"product-type-simple"},"_links":{"self":[{"href":"https:\/\/hochzeit-irvalda.at\/en\/wp-json\/wp\/v2\/product\/9888","targetHints":{"allow":["GET"]}}],"collection":[{"href":"https:\/\/hochzeit-irvalda.at\/en\/wp-json\/wp\/v2\/product"}],"about":[{"href":"https:\/\/hochzeit-irvalda.at\/en\/wp-json\/wp\/v2\/types\/product"}],"replies":[{"embeddable":true,"href":"https:\/\/hochzeit-irvalda.at\/en\/wp-json\/wp\/v2\/comments?post=9888"}],"wp:featuredmedia":[{"embeddable":true,"href":"https:\/\/hochzeit-irvalda.at\/en\/wp-json\/wp\/v2\/media\/9965"}],"wp:attachment":[{"href":"https:\/\/hochzeit-irvalda.at\/en\/wp-json\/wp\/v2\/media?parent=9888"}],"wp:term":[{"taxonomy":"product_brand","embeddable":true,"href":"https:\/\/hochzeit-irvalda.at\/en\/wp-json\/wp\/v2\/product_brand?post=9888"},{"taxonomy":"product_cat","embeddable":true,"href":"https:\/\/hochzeit-irvalda.at\/en\/wp-json\/wp\/v2\/product_cat?post=9888"},{"taxonomy":"product_tag","embeddable":true,"href":"https:\/\/hochzeit-irvalda.at\/en\/wp-json\/wp\/v2\/product_tag?post=9888"}],"curies":[{"name":"wp","href":"https:\/\/api.w.org\/{rel}","templated":true}]}}