{"id":9875,"date":"2025-04-04T09:02:58","date_gmt":"2025-04-04T09:02:58","guid":{"rendered":"https:\/\/hochzeit-irvalda.at\/?post_type=product&#038;p=9875"},"modified":"2025-06-10T10:32:54","modified_gmt":"2025-06-10T10:32:54","slug":"madelyn","status":"publish","type":"product","link":"https:\/\/hochzeit-irvalda.at\/en\/produkt\/madelyn\/","title":{"rendered":"Madelyn"},"content":{"rendered":"<p>Das traumhafte Abendkleid Madelyn verzaubert mit seiner flie\u00dfenden A-Linie und zartem Fliederton. Der edle T\u00fcllrock kombiniert mit dem fein gearbeiteten Spitzenoberteil sorgt f\u00fcr einen romantischen und eleganten Look. Dieses bodenlange Kleid ist die perfekte Wahl f\u00fcr festliche Anl\u00e4sse wie B\u00e4lle, Hochzeiten oder besondere Events.<\/p>\n<p><span style=\"font-weight: 400;\">Sie k\u00f6nnen das Kleid direkt <\/span><a href=\"https:\/\/irvalda.com\/shop\/abendkleid-madelyn\/\"><b>online kaufen<\/b><\/a><span style=\"font-weight: 400;\"> oder einen <\/span><a href=\"https:\/\/calendly.com\/irvalda\/\"><b>Termin zur Anprobe<\/b><\/a><span style=\"font-weight: 400;\"> in unserem Wiener Atelier Irvalda (Viriotgasse 6, 1090 Wien) vereinbaren &#8211; oder uns ganz unkompliziert \u00fcber <\/span><a href=\"https:\/\/wa.me\/436505556646\"><b>WhatsApp schreiben<\/b><\/a><span style=\"font-weight: 400;\">, wenn Sie Fragen haben oder eine pers\u00f6nliche Beratung w\u00fcnschen.<\/span><\/p>\n<p><br style=\"font-weight: 400;\" \/><br style=\"font-weight: 400;\" \/><\/p>\n","protected":false},"excerpt":{"rendered":"<p>Das traumhafte Abendkleid Madelyn verzaubert mit seiner flie\u00dfenden A-Linie und zartem Fliederton. Der edle T\u00fcllrock kombiniert mit dem fein gearbeiteten Spitzenoberteil sorgt f\u00fcr einen romantischen und eleganten Look. Dieses bodenlange Kleid ist die perfekte Wahl f\u00fcr festliche Anl\u00e4sse wie B\u00e4lle, Hochzeiten oder besondere Events. Sie k\u00f6nnen das Kleid direkt online kaufen oder einen Termin zur [&hellip;]<\/p>\n","protected":false},"featured_media":9977,"comment_status":"open","ping_status":"closed","template":"","meta":[],"product_brand":[],"product_cat":[179,63,83,65,91,50,52,54,150,60,71,181],"product_tag":[],"class_list":{"0":"post-9875","1":"product","2":"type-product","3":"status-publish","4":"has-post-thumbnail","6":"product_cat-abendkleider_lagernd","7":"product_cat-bestickte-spitze","8":"product_cat-duenne-traeger","9":"product_cat-halboffener-ruecken","10":"product_cat-lila","11":"product_cat-ohne-aermel","12":"product_cat-ohne-schleppe","13":"product_cat-ohne-schlitz","14":"product_cat-spitzer","15":"product_cat-tuell","16":"product_cat-v-ausschnitt","17":"product_cat-vie-lager","19":"first","20":"instock","21":"shipping-taxable","22":"product-type-simple"},"_links":{"self":[{"href":"https:\/\/hochzeit-irvalda.at\/en\/wp-json\/wp\/v2\/product\/9875","targetHints":{"allow":["GET"]}}],"collection":[{"href":"https:\/\/hochzeit-irvalda.at\/en\/wp-json\/wp\/v2\/product"}],"about":[{"href":"https:\/\/hochzeit-irvalda.at\/en\/wp-json\/wp\/v2\/types\/product"}],"replies":[{"embeddable":true,"href":"https:\/\/hochzeit-irvalda.at\/en\/wp-json\/wp\/v2\/comments?post=9875"}],"wp:featuredmedia":[{"embeddable":true,"href":"https:\/\/hochzeit-irvalda.at\/en\/wp-json\/wp\/v2\/media\/9977"}],"wp:attachment":[{"href":"https:\/\/hochzeit-irvalda.at\/en\/wp-json\/wp\/v2\/media?parent=9875"}],"wp:term":[{"taxonomy":"product_brand","embeddable":true,"href":"https:\/\/hochzeit-irvalda.at\/en\/wp-json\/wp\/v2\/product_brand?post=9875"},{"taxonomy":"product_cat","embeddable":true,"href":"https:\/\/hochzeit-irvalda.at\/en\/wp-json\/wp\/v2\/product_cat?post=9875"},{"taxonomy":"product_tag","embeddable":true,"href":"https:\/\/hochzeit-irvalda.at\/en\/wp-json\/wp\/v2\/product_tag?post=9875"}],"curies":[{"name":"wp","href":"https:\/\/api.w.org\/{rel}","templated":true}]}}