{"id":9864,"date":"2025-04-04T08:57:39","date_gmt":"2025-04-04T08:57:39","guid":{"rendered":"https:\/\/hochzeit-irvalda.at\/?post_type=product&#038;p=9864"},"modified":"2025-06-10T10:38:22","modified_gmt":"2025-06-10T10:38:22","slug":"nini-dark-blue","status":"publish","type":"product","link":"https:\/\/hochzeit-irvalda.at\/en\/produkt\/nini-dark-blue\/","title":{"rendered":"Nini Dark Blue"},"content":{"rendered":"<p>Dieses atemberaubende Abendkleid besticht durch seinen tiefen V-Ausschnitt und einen figurbetonten Oberk\u00f6rper, der mit schimmernden Pailletten und Perlen verziert ist. Der plissierte Rock aus glitzerndem Stoff f\u00e4llt flie\u00dfend und verleiht jeder Bewegung Leichtigkeit und Eleganz. Perfekt f\u00fcr glamour\u00f6se Anl\u00e4sse, kombiniert es zeitlosen Stil mit modernem Charme.<\/p>\n<p><span style=\"font-weight: 400;\">Sie k\u00f6nnen das Kleid direkt <\/span><a href=\"https:\/\/irvalda.com\/shop\/brautkleid-nini-dark-blue\/\"><b>online kaufen<\/b><\/a><span style=\"font-weight: 400;\"> oder einen <\/span><a href=\"https:\/\/calendly.com\/irvalda\/\"><b>Termin zur Anprobe<\/b><\/a><span style=\"font-weight: 400;\"> in unserem Wiener Atelier Irvalda (Viriotgasse 6, 1090 Wien) vereinbaren &#8211; oder uns ganz unkompliziert \u00fcber <\/span><a href=\"https:\/\/wa.me\/436505556646\"><b>WhatsApp schreiben<\/b><\/a><span style=\"font-weight: 400;\">, wenn Sie Fragen haben oder eine pers\u00f6nliche Beratung w\u00fcnschen.<\/span><\/p>\n<p><br style=\"font-weight: 400;\" \/><br style=\"font-weight: 400;\" \/><\/p>\n","protected":false},"excerpt":{"rendered":"<p>Dieses atemberaubende Abendkleid besticht durch seinen tiefen V-Ausschnitt und einen figurbetonten Oberk\u00f6rper, der mit schimmernden Pailletten und Perlen verziert ist. Der plissierte Rock aus glitzerndem Stoff f\u00e4llt flie\u00dfend und verleiht jeder Bewegung Leichtigkeit und Eleganz. Perfekt f\u00fcr glamour\u00f6se Anl\u00e4sse, kombiniert es zeitlosen Stil mit modernem Charme. Sie k\u00f6nnen das Kleid direkt online kaufen oder einen [&hellip;]<\/p>\n","protected":false},"featured_media":9989,"comment_status":"open","ping_status":"closed","template":"","meta":[],"product_brand":[],"product_cat":[37,179,72,83,65,50,52,54,55,71,181],"product_tag":[],"class_list":{"0":"post-9864","1":"product","2":"type-product","3":"status-publish","4":"has-post-thumbnail","6":"product_cat-a-linie","7":"product_cat-abendkleider_lagernd","8":"product_cat-blau","9":"product_cat-duenne-traeger","10":"product_cat-halboffener-ruecken","11":"product_cat-ohne-aermel","12":"product_cat-ohne-schleppe","13":"product_cat-ohne-schlitz","14":"product_cat-ohne-spitze","15":"product_cat-v-ausschnitt","16":"product_cat-vie-lager","18":"first","19":"instock","20":"shipping-taxable","21":"product-type-simple"},"_links":{"self":[{"href":"https:\/\/hochzeit-irvalda.at\/en\/wp-json\/wp\/v2\/product\/9864","targetHints":{"allow":["GET"]}}],"collection":[{"href":"https:\/\/hochzeit-irvalda.at\/en\/wp-json\/wp\/v2\/product"}],"about":[{"href":"https:\/\/hochzeit-irvalda.at\/en\/wp-json\/wp\/v2\/types\/product"}],"replies":[{"embeddable":true,"href":"https:\/\/hochzeit-irvalda.at\/en\/wp-json\/wp\/v2\/comments?post=9864"}],"wp:featuredmedia":[{"embeddable":true,"href":"https:\/\/hochzeit-irvalda.at\/en\/wp-json\/wp\/v2\/media\/9989"}],"wp:attachment":[{"href":"https:\/\/hochzeit-irvalda.at\/en\/wp-json\/wp\/v2\/media?parent=9864"}],"wp:term":[{"taxonomy":"product_brand","embeddable":true,"href":"https:\/\/hochzeit-irvalda.at\/en\/wp-json\/wp\/v2\/product_brand?post=9864"},{"taxonomy":"product_cat","embeddable":true,"href":"https:\/\/hochzeit-irvalda.at\/en\/wp-json\/wp\/v2\/product_cat?post=9864"},{"taxonomy":"product_tag","embeddable":true,"href":"https:\/\/hochzeit-irvalda.at\/en\/wp-json\/wp\/v2\/product_tag?post=9864"}],"curies":[{"name":"wp","href":"https:\/\/api.w.org\/{rel}","templated":true}]}}