{"id":9849,"date":"2025-04-04T08:52:05","date_gmt":"2025-04-04T08:52:05","guid":{"rendered":"https:\/\/hochzeit-irvalda.at\/?post_type=product&#038;p=9849"},"modified":"2025-06-10T10:39:59","modified_gmt":"2025-06-10T10:39:59","slug":"fiona-red","status":"publish","type":"product","link":"https:\/\/hochzeit-irvalda.at\/en\/produkt\/fiona-red\/","title":{"rendered":"Fiona Red"},"content":{"rendered":"<p>Das Abendkleid Fiona vereint zeitlose Sch\u00f6nheit und raffinierten Stil. Der herzf\u00f6rmige Ausschnitt mit zarten Spitzenapplikationen betont das Dekollet\u00e9 auf elegante Weise, w\u00e4hrend die leicht \u00fcberschnittenen \u00c4rmel eine feminine Note hinzuf\u00fcgen. Der flie\u00dfende Rock aus hochwertigem Chiffon sorgt f\u00fcr eine traumhafte Silhouette und Bewegungsfreiheit. Dieses Kleid in intensivem Rot ist die perfekte Wahl f\u00fcr festliche Anl\u00e4sse und garantiert einen unvergesslichen Auftritt.<\/p>\n<p><span style=\"font-weight: 400;\">Sie k\u00f6nnen das Kleid direkt <\/span><a href=\"https:\/\/irvalda.com\/shop\/abendkleid-fiona-red\/\"><b>online kaufen<\/b><\/a><span style=\"font-weight: 400;\"> oder einen <\/span><a href=\"https:\/\/calendly.com\/irvalda\/\"><b>Termin zur Anprobe<\/b><\/a><span style=\"font-weight: 400;\"> in unserem Wiener Atelier Irvalda (Viriotgasse 6, 1090 Wien) vereinbaren &#8211; oder uns ganz unkompliziert \u00fcber <\/span><a href=\"https:\/\/wa.me\/436505556646\"><b>WhatsApp schreiben<\/b><\/a><span style=\"font-weight: 400;\">, wenn Sie Fragen haben oder eine pers\u00f6nliche Beratung w\u00fcnschen.<\/span><\/p>\n<p><br style=\"font-weight: 400;\" \/><br style=\"font-weight: 400;\" \/><\/p>\n","protected":false},"excerpt":{"rendered":"<p>Das Abendkleid Fiona vereint zeitlose Sch\u00f6nheit und raffinierten Stil. Der herzf\u00f6rmige Ausschnitt mit zarten Spitzenapplikationen betont das Dekollet\u00e9 auf elegante Weise, w\u00e4hrend die leicht \u00fcberschnittenen \u00c4rmel eine feminine Note hinzuf\u00fcgen. Der flie\u00dfende Rock aus hochwertigem Chiffon sorgt f\u00fcr eine traumhafte Silhouette und Bewegungsfreiheit. Dieses Kleid in intensivem Rot ist die perfekte Wahl f\u00fcr festliche Anl\u00e4sse [&hellip;]<\/p>\n","protected":false},"featured_media":9999,"comment_status":"open","ping_status":"closed","template":"","meta":[],"product_brand":[],"product_cat":[37,179,63,73,93,43,50,52,54,95,150,181],"product_tag":[],"class_list":{"0":"post-9849","1":"product","2":"type-product","3":"status-publish","4":"has-post-thumbnail","6":"product_cat-a-linie","7":"product_cat-abendkleider_lagernd","8":"product_cat-bestickte-spitze","9":"product_cat-carmen-ausschnitt","10":"product_cat-chiffon-crepe","11":"product_cat-geschlossener-ruecken","12":"product_cat-ohne-aermel","13":"product_cat-ohne-schleppe","14":"product_cat-ohne-schlitz","15":"product_cat-rot","16":"product_cat-spitzer","17":"product_cat-vie-lager","19":"first","20":"instock","21":"shipping-taxable","22":"product-type-simple"},"_links":{"self":[{"href":"https:\/\/hochzeit-irvalda.at\/en\/wp-json\/wp\/v2\/product\/9849","targetHints":{"allow":["GET"]}}],"collection":[{"href":"https:\/\/hochzeit-irvalda.at\/en\/wp-json\/wp\/v2\/product"}],"about":[{"href":"https:\/\/hochzeit-irvalda.at\/en\/wp-json\/wp\/v2\/types\/product"}],"replies":[{"embeddable":true,"href":"https:\/\/hochzeit-irvalda.at\/en\/wp-json\/wp\/v2\/comments?post=9849"}],"wp:featuredmedia":[{"embeddable":true,"href":"https:\/\/hochzeit-irvalda.at\/en\/wp-json\/wp\/v2\/media\/9999"}],"wp:attachment":[{"href":"https:\/\/hochzeit-irvalda.at\/en\/wp-json\/wp\/v2\/media?parent=9849"}],"wp:term":[{"taxonomy":"product_brand","embeddable":true,"href":"https:\/\/hochzeit-irvalda.at\/en\/wp-json\/wp\/v2\/product_brand?post=9849"},{"taxonomy":"product_cat","embeddable":true,"href":"https:\/\/hochzeit-irvalda.at\/en\/wp-json\/wp\/v2\/product_cat?post=9849"},{"taxonomy":"product_tag","embeddable":true,"href":"https:\/\/hochzeit-irvalda.at\/en\/wp-json\/wp\/v2\/product_tag?post=9849"}],"curies":[{"name":"wp","href":"https:\/\/api.w.org\/{rel}","templated":true}]}}