{"id":9826,"date":"2025-04-03T11:24:33","date_gmt":"2025-04-03T11:24:33","guid":{"rendered":"https:\/\/hochzeit-irvalda.at\/?post_type=product&#038;p=9826"},"modified":"2025-06-10T10:43:17","modified_gmt":"2025-06-10T10:43:17","slug":"fiona","status":"publish","type":"product","link":"https:\/\/hochzeit-irvalda.at\/en\/produkt\/fiona\/","title":{"rendered":"Fiona Pink"},"content":{"rendered":"<p>Das Fiona Abendkleid verzaubert mit einem romantischen Design in zartem Rosa. Der flie\u00dfende, bodenlange Chiffonrock und das Oberteil aus feiner Spitze mit zauberhaften Details machen es zur perfekten Wahl f\u00fcr Hochzeiten, B\u00e4lle oder besondere Anl\u00e4sse. Dieses elegante Kleid vereint zeitlose Sch\u00f6nheit und femininen Charme.<\/p>\n<p><span style=\"font-weight: 400;\">Sie k\u00f6nnen das Kleid direkt <\/span><a href=\"https:\/\/irvalda.com\/shop\/abendkleid-fiona-pink\/\"><b>online kaufen<\/b><\/a><span style=\"font-weight: 400;\"> oder einen <\/span><a href=\"https:\/\/calendly.com\/irvalda\/\"><b>Termin zur Anprobe<\/b><\/a><span style=\"font-weight: 400;\"> in unserem Wiener Atelier Irvalda (Viriotgasse 6, 1090 Wien) vereinbaren &#8211; oder uns ganz unkompliziert \u00fcber <\/span><a href=\"https:\/\/wa.me\/436505556646\"><b>WhatsApp schreiben<\/b><\/a><span style=\"font-weight: 400;\">, wenn Sie Fragen haben oder eine pers\u00f6nliche Beratung w\u00fcnschen.<\/span><\/p>\n<p><br style=\"font-weight: 400;\" \/><br style=\"font-weight: 400;\" \/><\/p>\n","protected":false},"excerpt":{"rendered":"<p>Das Fiona Abendkleid verzaubert mit einem romantischen Design in zartem Rosa. Der flie\u00dfende, bodenlange Chiffonrock und das Oberteil aus feiner Spitze mit zauberhaften Details machen es zur perfekten Wahl f\u00fcr Hochzeiten, B\u00e4lle oder besondere Anl\u00e4sse. Dieses elegante Kleid vereint zeitlose Sch\u00f6nheit und femininen Charme. Sie k\u00f6nnen das Kleid direkt online kaufen oder einen Termin zur [&hellip;]<\/p>\n","protected":false},"featured_media":10025,"comment_status":"open","ping_status":"closed","template":"","meta":[],"product_brand":[],"product_cat":[33,35,62,37,179,73,74,93,43,36,50,52,54,70,150,181],"product_tag":[],"class_list":{"0":"post-9826","1":"product","2":"type-product","3":"status-publish","4":"has-post-thumbnail","6":"product_cat-36-s","7":"product_cat-40-l","8":"product_cat-42-xl","9":"product_cat-a-linie","10":"product_cat-abendkleider_lagernd","11":"product_cat-carmen-ausschnitt","12":"product_cat-carmen-traeger","13":"product_cat-chiffon-crepe","14":"product_cat-geschlossener-ruecken","15":"product_cat-kleiderform","16":"product_cat-ohne-aermel","17":"product_cat-ohne-schleppe","18":"product_cat-ohne-schlitz","19":"product_cat-rosa","20":"product_cat-spitzer","21":"product_cat-vie-lager","23":"first","24":"instock","25":"shipping-taxable","26":"product-type-simple"},"_links":{"self":[{"href":"https:\/\/hochzeit-irvalda.at\/en\/wp-json\/wp\/v2\/product\/9826","targetHints":{"allow":["GET"]}}],"collection":[{"href":"https:\/\/hochzeit-irvalda.at\/en\/wp-json\/wp\/v2\/product"}],"about":[{"href":"https:\/\/hochzeit-irvalda.at\/en\/wp-json\/wp\/v2\/types\/product"}],"replies":[{"embeddable":true,"href":"https:\/\/hochzeit-irvalda.at\/en\/wp-json\/wp\/v2\/comments?post=9826"}],"wp:featuredmedia":[{"embeddable":true,"href":"https:\/\/hochzeit-irvalda.at\/en\/wp-json\/wp\/v2\/media\/10025"}],"wp:attachment":[{"href":"https:\/\/hochzeit-irvalda.at\/en\/wp-json\/wp\/v2\/media?parent=9826"}],"wp:term":[{"taxonomy":"product_brand","embeddable":true,"href":"https:\/\/hochzeit-irvalda.at\/en\/wp-json\/wp\/v2\/product_brand?post=9826"},{"taxonomy":"product_cat","embeddable":true,"href":"https:\/\/hochzeit-irvalda.at\/en\/wp-json\/wp\/v2\/product_cat?post=9826"},{"taxonomy":"product_tag","embeddable":true,"href":"https:\/\/hochzeit-irvalda.at\/en\/wp-json\/wp\/v2\/product_tag?post=9826"}],"curies":[{"name":"wp","href":"https:\/\/api.w.org\/{rel}","templated":true}]}}